{"id":1424,"date":"2026-01-22T11:38:25","date_gmt":"2026-01-22T16:38:25","guid":{"rendered":"https:\/\/calinegocios.co\/?page_id=1424"},"modified":"2026-01-22T12:33:02","modified_gmt":"2026-01-22T17:33:02","slug":"reorganizacion","status":"publish","type":"page","link":"https:\/\/calinegocios.co\/?page_id=1424","title":{"rendered":"Reorganizacion Empresarial"},"content":{"rendered":"\t\t<div data-elementor-type=\"wp-page\" data-elementor-id=\"1424\" class=\"elementor elementor-1424\">\n\t\t\t\t<div class=\"elementor-element elementor-element-001ae43 e-flex e-con-boxed e-con e-parent\" data-id=\"001ae43\" data-element_type=\"container\">\n\t\t\t\t\t<div class=\"e-con-inner\">\n\t\t\t\t<div class=\"elementor-element elementor-element-fd3a8d5 elementor-widget elementor-widget-heading\" data-id=\"fd3a8d5\" data-element_type=\"widget\" data-widget_type=\"heading.default\">\n\t\t\t\t\t<h2 class=\"elementor-heading-title elementor-size-default\">PROCESO DE REORGANIZACI\u00d3N \n<\/h2>\t\t\t\t<\/div>\n\t\t\t\t\t<\/div>\n\t\t\t\t<\/div>\n\t\t<div class=\"elementor-element elementor-element-cfbd13b e-flex e-con-boxed e-con e-parent\" data-id=\"cfbd13b\" data-element_type=\"container\">\n\t\t\t\t\t<div class=\"e-con-inner\">\n\t\t\t\t<div class=\"elementor-element elementor-element-6edb18c elementor-widget elementor-widget-text-editor\" data-id=\"6edb18c\" data-element_type=\"widget\" data-widget_type=\"text-editor.default\">\n\t\t\t\t\t\t\t\t\t<p>El pasado 25 de noviembre de 2025, la Superintendencia de Sociedades admiti\u00f3 a CALI NEGOCIOS COMERCIALIZADORA S.A.S., identificada con el n\u00famero de identificaci\u00f3n tributario (NIT) N\u00b0 900.280.294 al proceso de reorganizaci\u00f3n abreviada de acuerdo a la ley 2437 de 2024.<\/p><p>Para revisar el contenido del auto admisorio, visite el siguiente link:\u00a0<br \/><br \/><strong>\ud83d\udcc4<a href=\"https:\/\/drive.google.com\/file\/d\/1hpfzGL95y47ukb8SPlOvLxlPEOtkqbeI\/view?usp=sharing\">AUTOS<\/a><br \/><br \/>\ud83d\udcd2CONTACTO<br \/>Calinegocios.sas@gmail.com<\/strong><\/p>\t\t\t\t\t\t\t\t<\/div>\n\t\t\t\t\t<\/div>\n\t\t\t\t<\/div>\n\t\t\t\t<\/div>\n\t\t","protected":false},"excerpt":{"rendered":"<p>PROCESO DE REORGANIZACI\u00d3N El pasado 25 de noviembre de 2025, la Superintendencia de Sociedades admiti\u00f3 a CALI NEGOCIOS COMERCIALIZADORA S.A.S., identificada con el n\u00famero de identificaci\u00f3n tributario (NIT) N\u00b0 900.280.294 al proceso de reorganizaci\u00f3n abreviada de acuerdo a la ley 2437 de 2024. Para revisar el contenido del auto admisorio, visite el siguiente link:\u00a0 \ud83d\udcc4AUTOS&hellip;<\/p>\n","protected":false},"author":1,"featured_media":0,"parent":0,"menu_order":0,"comment_status":"closed","ping_status":"closed","template":"","meta":{"footnotes":""},"class_list":["post-1424","page","type-page","status-publish","hentry"],"_links":{"self":[{"href":"https:\/\/calinegocios.co\/index.php?rest_route=\/wp\/v2\/pages\/1424","targetHints":{"allow":["GET"]}}],"collection":[{"href":"https:\/\/calinegocios.co\/index.php?rest_route=\/wp\/v2\/pages"}],"about":[{"href":"https:\/\/calinegocios.co\/index.php?rest_route=\/wp\/v2\/types\/page"}],"author":[{"embeddable":true,"href":"https:\/\/calinegocios.co\/index.php?rest_route=\/wp\/v2\/users\/1"}],"replies":[{"embeddable":true,"href":"https:\/\/calinegocios.co\/index.php?rest_route=%2Fwp%2Fv2%2Fcomments&post=1424"}],"version-history":[{"count":15,"href":"https:\/\/calinegocios.co\/index.php?rest_route=\/wp\/v2\/pages\/1424\/revisions"}],"predecessor-version":[{"id":1443,"href":"https:\/\/calinegocios.co\/index.php?rest_route=\/wp\/v2\/pages\/1424\/revisions\/1443"}],"wp:attachment":[{"href":"https:\/\/calinegocios.co\/index.php?rest_route=%2Fwp%2Fv2%2Fmedia&parent=1424"}],"curies":[{"name":"wp","href":"https:\/\/api.w.org\/{rel}","templated":true}]}}