{"id":1335,"date":"2025-10-08T09:54:33","date_gmt":"2025-10-08T14:54:33","guid":{"rendered":"https:\/\/calinegocios.co\/?post_type=product&#038;p=1335"},"modified":"2025-11-23T10:56:11","modified_gmt":"2025-11-23T15:56:11","slug":"iphone-14-128gb","status":"publish","type":"product","link":"https:\/\/calinegocios.co\/?product=iphone-14-128gb","title":{"rendered":"iPhone 14 128Gb"},"content":{"rendered":"<div style=\"font-size: 14px; line-height: 1.5; display: grid; grid-template-columns: 1fr 1fr; grid-auto-rows: auto; gap: 6px 20px; max-width: 550px; margin-bottom: 10px;\">\n<div style=\"grid-column: span 2;\"><strong>Estado:<\/strong> <span style=\"color: green;\">Nuevo<\/span><\/div>\n<div><strong>CPU:<\/strong> Apple A15 Bionic (6 n\u00facleos: 2 rendimiento + 4 eficiencia)<\/div>\n<div><strong>GPU:<\/strong> Apple (5 n\u00facleos)<\/div>\n<div><strong>RAM:<\/strong> 6 GB<\/div>\n<div><strong>Almacenamiento:<\/strong> 128 GB interno<\/div>\n<div><strong>Tipo de Red:<\/strong> 5G \/ LTE \/ Wi-Fi 6 (802.11ax) \/ Bluetooth 5.3<\/div>\n<div><strong>Memoria Expandible:<\/strong> No<\/div>\n<div><strong>Tipo SimCard:<\/strong> eSIM \/ nano-SIM (depende del pa\u00eds)<\/div>\n<div><strong>Pantalla Tama\u00f1o:<\/strong> 6.1 pulgadas Super Retina XDR OLED<\/div>\n<div><strong>Pantalla Resoluci\u00f3n:<\/strong> 2532 x 1170 p\u00edxeles (460 ppi)<\/div>\n<div><strong>Bater\u00eda:<\/strong> Li-ion (3 279 mAh aprox.)<\/div>\n<div><strong>C\u00e1mara Trasera:<\/strong> Dual 12 MP (wide f\/1.5) + 12 MP ultrawide f\/2.4<\/div>\n<div><strong>C\u00e1mara Frontal:<\/strong> 12 MP f\/1.9 (TrueDepth con autoenfoque)<\/div>\n<div><strong>AnTuTu:<\/strong> \u2248 820 000 puntos<\/div>\n<div><strong>DxOMark:<\/strong> 142 (fotograf\u00eda)<\/div>\n<div><strong>Cargador:<\/strong> Lightning (compatible con carga r\u00e1pida, MagSafe y Qi inal\u00e1mbrico)<\/div>\n<div style=\"grid-column: span 2;\"><strong>Conexi\u00f3n:<\/strong> Lightning; NFC; Ultra Wideband; Face ID; GPS \/ GLONASS \/ Galileo<\/div>\n<div style=\"grid-column: span 2; display: flex; align-items: center; gap: 6px; margin-top: 8px;\">\n    <strong style=\"color: black;\">Garant\u00eda:<\/strong><br \/>\n    <span style=\"color: #005ae1;\">1 A\u00f1o<\/span><br \/>\n    <img decoding=\"async\" src=\"https:\/\/cdn.shopify.com\/s\/files\/1\/0774\/7174\/4220\/files\/Garantia-1-ano.png?v=1758214015\" alt=\"Garant\u00eda\" width=\"41\" height=\"41\" \/>\n  <\/div>\n<\/div>\n<div style=\"font-size: 10px; line-height: 1.6; margin-top: 12px; max-width: 550px;\">\n  El iPhone 14 ofrece rendimiento de gama alta gracias al chip A15 Bionic y una c\u00e1mara dual con modo cinem\u00e1tico y grabaci\u00f3n 4K HDR. Cuenta con pantalla OLED Super Retina XDR de 6.1 pulgadas, resistencia IP68 y compatibilidad con MagSafe para accesorios y carga r\u00e1pida.\n<\/div>\n","protected":false},"excerpt":{"rendered":"<div style=\"font-size: 10px; line-height: 1.5; display: grid; grid-template-columns: 1fr 1fr; grid-auto-rows: auto; gap: 6px 20px; max-width: 550px; margin-bottom: 10px;\">\n<div style=\"grid-column: span 2;\"><strong>Estado:<\/strong> <span style=\"color: green;\">Nuevo<\/span><\/div>\n<div><strong>CPU:<\/strong> Apple A15 Bionic (6 n\u00facleos: 2 rendimiento + 4 eficiencia)<\/div>\n<div><strong>GPU:<\/strong> Apple (5 n\u00facleos)<\/div>\n<div><strong>RAM:<\/strong> 6 GB<\/div>\n<div><strong>Almacenamiento:<\/strong> 128 GB interno<\/div>\n<div><strong>Tipo de Red:<\/strong> 5G \/ LTE \/ Wi-Fi 6 (802.11ax) \/ Bluetooth 5.3<\/div>\n<div><strong>Memoria Expandible:<\/strong> No<\/div>\n<div><strong>Tipo SimCard:<\/strong> eSIM \/ nano-SIM (depende del pa\u00eds)<\/div>\n<div><strong>Pantalla Tama\u00f1o:<\/strong> 6.1 pulgadas Super Retina XDR OLED<\/div>\n<div><strong>Pantalla Resoluci\u00f3n:<\/strong> 2532 x 1170 p\u00edxeles (460 ppi)<\/div>\n<div><strong>Bater\u00eda:<\/strong> Li-ion (3 279 mAh aprox.)<\/div>\n<div><strong>C\u00e1mara Trasera:<\/strong> Dual 12 MP (wide f\/1.5) + 12 MP ultrawide f\/2.4<\/div>\n<div><strong>C\u00e1mara Frontal:<\/strong> 12 MP f\/1.9 (TrueDepth con autoenfoque)<\/div>\n<div><strong>AnTuTu:<\/strong> \u2248 820 000 puntos<\/div>\n<div><strong>DxOMark:<\/strong> 142 (fotograf\u00eda)<\/div>\n<div><strong>Cargador:<\/strong> Lightning (compatible con carga r\u00e1pida, MagSafe y Qi inal\u00e1mbrico)<\/div>\n<div style=\"grid-column: span 2;\"><strong>Conexi\u00f3n:<\/strong> Lightning; NFC; Ultra Wideband; Face ID; GPS \/ GLONASS \/ Galileo<\/div>\n<div style=\"grid-column: span 2; display: flex; align-items: center; gap: 6px; margin-top: 8px;\">\n    <strong style=\"color: black;\">Garant\u00eda:<\/strong><br \/>\n    <span style=\"color: #005ae1;\">1 A\u00f1o<\/span><br \/>\n    <img decoding=\"async\" src=\"https:\/\/cdn.shopify.com\/s\/files\/1\/0774\/7174\/4220\/files\/Garantia-1-ano.png?v=1758214015\" alt=\"Garant\u00eda\" width=\"41\" height=\"41\" \/>\n  <\/div>\n<\/div>\n<div style=\"font-size: 10px; line-height: 1.6; margin-top: 12px; max-width: 550px;\">\n  El iPhone 14 ofrece rendimiento de gama alta gracias al chip A15 Bionic y una c\u00e1mara dual con modo cinem\u00e1tico y grabaci\u00f3n 4K HDR. Cuenta con pantalla OLED Super Retina XDR de 6.1 pulgadas, resistencia IP68 y compatibilidad con MagSafe para accesorios y carga r\u00e1pida.\n<\/div>\n","protected":false},"featured_media":1336,"comment_status":"open","ping_status":"closed","template":"","meta":[],"product_brand":[44],"product_cat":[43],"product_tag":[],"class_list":{"0":"post-1335","1":"product","2":"type-product","3":"status-publish","4":"has-post-thumbnail","6":"product_brand-apple","7":"product_cat-celulares","9":"first","10":"instock","11":"sale","12":"shipping-taxable","13":"purchasable","14":"product-type-simple"},"_links":{"self":[{"href":"https:\/\/calinegocios.co\/index.php?rest_route=\/wp\/v2\/product\/1335","targetHints":{"allow":["GET"]}}],"collection":[{"href":"https:\/\/calinegocios.co\/index.php?rest_route=\/wp\/v2\/product"}],"about":[{"href":"https:\/\/calinegocios.co\/index.php?rest_route=\/wp\/v2\/types\/product"}],"replies":[{"embeddable":true,"href":"https:\/\/calinegocios.co\/index.php?rest_route=%2Fwp%2Fv2%2Fcomments&post=1335"}],"wp:featuredmedia":[{"embeddable":true,"href":"https:\/\/calinegocios.co\/index.php?rest_route=\/wp\/v2\/media\/1336"}],"wp:attachment":[{"href":"https:\/\/calinegocios.co\/index.php?rest_route=%2Fwp%2Fv2%2Fmedia&parent=1335"}],"wp:term":[{"taxonomy":"product_brand","embeddable":true,"href":"https:\/\/calinegocios.co\/index.php?rest_route=%2Fwp%2Fv2%2Fproduct_brand&post=1335"},{"taxonomy":"product_cat","embeddable":true,"href":"https:\/\/calinegocios.co\/index.php?rest_route=%2Fwp%2Fv2%2Fproduct_cat&post=1335"},{"taxonomy":"product_tag","embeddable":true,"href":"https:\/\/calinegocios.co\/index.php?rest_route=%2Fwp%2Fv2%2Fproduct_tag&post=1335"}],"curies":[{"name":"wp","href":"https:\/\/api.w.org\/{rel}","templated":true}]}}