{"id":1393,"date":"2025-10-08T16:52:16","date_gmt":"2025-10-08T21:52:16","guid":{"rendered":"https:\/\/calinegocios.co\/?post_type=product&#038;p=1393"},"modified":"2025-12-26T04:18:36","modified_gmt":"2025-12-26T09:18:36","slug":"xiaomi-redmi-a5","status":"publish","type":"product","link":"https:\/\/calinegocios.co\/?product=xiaomi-redmi-a5","title":{"rendered":"Xiaomi Redmi A5"},"content":{"rendered":"<div style=\"font-size: 14px; line-height: 1.5; display: grid; grid-template-columns: 1fr 1fr; grid-auto-rows: auto; gap: 6px 20px; max-width: 550px;\">\n<div style=\"grid-column: span 2;\"><strong>Estado:<\/strong> <span style=\"color: green;\">Nuevo<\/span><\/div>\n<div><strong>CPU:<\/strong> Unisoc T7250 (Octa-core: 2\u00d71.8 GHz + 6\u00d71.6 GHz)<\/div>\n<div><strong>GPU:<\/strong> Mali-G57 MP1<\/div>\n<div><strong>RAM:<\/strong> 3 \/ 4 GB<\/div>\n<div><strong>Almacenamiento:<\/strong> 64 \/ 128 GB interno<\/div>\n<div><strong>Tipo de Red:<\/strong> 4G \/ 3G \/ 2G<\/div>\n<div><strong>Memoria Expandible:<\/strong> S\u00ed, microSD<\/div>\n<div><strong>Tipo SimCard:<\/strong> Dual nano-SIM<\/div>\n<div><strong>Pantalla Tama\u00f1o:<\/strong> 6.88\u2033 IPS LCD, 120 Hz<\/div>\n<div><strong>Pantalla Resoluci\u00f3n:<\/strong> 720 \u00d7 1640 p\u00edxeles (\u2248 260 ppi)<\/div>\n<div><strong>Bater\u00eda:<\/strong> 5200 mAh, carga r\u00e1pida de hasta 15 W<\/div>\n<div><strong>C\u00e1mara Trasera:<\/strong> 32 MP (gran angular) + auxiliar<\/div>\n<div><strong>C\u00e1mara Frontal:<\/strong> 8 MP<\/div>\n<div><strong>AnTuTu:<\/strong> \u2248 308 681 (versi\u00f3n 10 estimada)<\/div>\n<div><strong>DxOMark:<\/strong> No Disponible<\/div>\n<div><strong>Cargador:<\/strong> USB Tipo-C (hasta 15 W)<\/div>\n<div style=\"grid-column: span 2;\"><strong>Conexi\u00f3n:<\/strong> USB-C; Bluetooth 5.2; Wi-Fi 802.11 a\/b\/g\/n\/ac (doble banda); Jack 3.5 mm; lector de huella lateral<\/div>\n<div style=\"grid-column: span 2; display: flex; align-items: center; gap: 6px; margin-top: 8px;\"><strong style=\"color: black;\">Garant\u00eda:<\/strong> <span style=\"color: #005ae1;\">1 A\u00f1o<\/span><\/div>\n<\/div>\n<div style=\"font-size: 14px; line-height: 1.6; margin-top: 12px; max-width: 550px;\"><strong>Caracter\u00edsticas destacadas:<\/strong><br \/>\n\u2022 Pantalla grande de 6.88\u2033 con tasa de refresco de 120 Hz.<br \/>\n\u2022 C\u00e1mara trasera de 32 MP con lente auxiliar.<br \/>\n\u2022 Gran bater\u00eda de 5200 mAh que brinda buena autonom\u00eda.<br \/>\n\u2022 Sistema Android 15 Go Edition, con HyperOS.<br \/>\n\u2022 Sensor de huella lateral y reconocimiento facial.<\/div>\n","protected":false},"excerpt":{"rendered":"<p>Estado: Nuevo CPU: Unisoc T7250 (Octa-core: 2\u00d71.8 GHz + 6\u00d71.6 GHz) GPU: Mali-G57 MP1 RAM: 3 \/ 4 GB Almacenamiento: 64 \/ 128 GB interno Tipo de Red: 4G \/ 3G \/ 2G Memoria Expandible: S\u00ed, microSD Tipo SimCard: Dual nano-SIM Pantalla Tama\u00f1o: 6.88\u2033 IPS LCD, 120 Hz Pantalla Resoluci\u00f3n: 720 \u00d7 1640 p\u00edxeles (\u2248&hellip;<\/p>\n","protected":false},"featured_media":1396,"comment_status":"open","ping_status":"closed","template":"","meta":[],"product_brand":[],"product_cat":[16],"product_tag":[],"class_list":{"0":"post-1393","1":"product","2":"type-product","3":"status-publish","4":"has-post-thumbnail","6":"product_cat-sin-categorizar","8":"first","9":"instock","10":"shipping-taxable","11":"purchasable","12":"product-type-variable"},"_links":{"self":[{"href":"https:\/\/calinegocios.co\/index.php?rest_route=\/wp\/v2\/product\/1393","targetHints":{"allow":["GET"]}}],"collection":[{"href":"https:\/\/calinegocios.co\/index.php?rest_route=\/wp\/v2\/product"}],"about":[{"href":"https:\/\/calinegocios.co\/index.php?rest_route=\/wp\/v2\/types\/product"}],"replies":[{"embeddable":true,"href":"https:\/\/calinegocios.co\/index.php?rest_route=%2Fwp%2Fv2%2Fcomments&post=1393"}],"wp:featuredmedia":[{"embeddable":true,"href":"https:\/\/calinegocios.co\/index.php?rest_route=\/wp\/v2\/media\/1396"}],"wp:attachment":[{"href":"https:\/\/calinegocios.co\/index.php?rest_route=%2Fwp%2Fv2%2Fmedia&parent=1393"}],"wp:term":[{"taxonomy":"product_brand","embeddable":true,"href":"https:\/\/calinegocios.co\/index.php?rest_route=%2Fwp%2Fv2%2Fproduct_brand&post=1393"},{"taxonomy":"product_cat","embeddable":true,"href":"https:\/\/calinegocios.co\/index.php?rest_route=%2Fwp%2Fv2%2Fproduct_cat&post=1393"},{"taxonomy":"product_tag","embeddable":true,"href":"https:\/\/calinegocios.co\/index.php?rest_route=%2Fwp%2Fv2%2Fproduct_tag&post=1393"}],"curies":[{"name":"wp","href":"https:\/\/api.w.org\/{rel}","templated":true}]}}